{"id":4557,"date":"2021-06-17T09:50:32","date_gmt":"2021-06-17T09:50:32","guid":{"rendered":"https:\/\/vboost.laboratoiresvenus.com\/?page_id=4557"},"modified":"2021-06-17T10:02:11","modified_gmt":"2021-06-17T10:02:11","slug":"condition-dutilisation","status":"publish","type":"page","link":"https:\/\/laboratoiresvenus.com\/en\/condition-dutilisation\/","title":{"rendered":"condition d&rsquo;utilisation"},"content":{"rendered":"<div data-elementor-type=\"wp-page\" data-elementor-id=\"4557\" class=\"elementor elementor-4557\" data-elementor-settings=\"{&quot;ha_cmc_init_switcher&quot;:&quot;no&quot;}\" data-elementor-post-type=\"page\">\n\t\t\t\t\t\t<section class=\"elementor-section elementor-top-section elementor-element elementor-element-0ff78b9 elementor-section-boxed elementor-section-height-default elementor-section-height-default\" data-id=\"0ff78b9\" data-element_type=\"section\" data-settings=\"{&quot;_ha_eqh_enable&quot;:false}\">\n\t\t\t\t\t\t<div class=\"elementor-container elementor-column-gap-default\">\n\t\t\t\t\t<div class=\"elementor-column elementor-col-100 elementor-top-column elementor-element elementor-element-1e1e6ea\" data-id=\"1e1e6ea\" data-element_type=\"column\">\n\t\t\t<div class=\"elementor-widget-wrap elementor-element-populated\">\n\t\t\t\t\t\t<div class=\"elementor-element elementor-element-cb260fc elementor-widget elementor-widget-heading\" data-id=\"cb260fc\" data-element_type=\"widget\" data-widget_type=\"heading.default\">\n\t\t\t\t<div class=\"elementor-widget-container\">\n\t\t\t\t\t<h3 class=\"elementor-heading-title elementor-size-default\">Conditions d'utilisation<\/h3>\t\t\t\t<\/div>\n\t\t\t\t<\/div>\n\t\t\t\t<div class=\"elementor-element elementor-element-8fd5973 elementor-widget elementor-widget-text-editor\" data-id=\"8fd5973\" data-element_type=\"widget\" data-widget_type=\"text-editor.default\">\n\t\t\t\t<div class=\"elementor-widget-container\">\n\t\t\t\t\t\t\t\t\t<p>Ces mentions l\u00e9gales ont vocation \u00e0 vous informer des conditions d\u2019utilisation du site que vous visitez actuellement, \u00e0 savoir www.laboratoirevenus.com ci-apr\u00e8s d\u00e9nomm\u00e9 \u00ab Le Site \u00bb.<\/p><p>Ce site est \u00e9dit\u00e9 par UNILEVER France, Soci\u00e9t\u00e9 par actions simplifi\u00e9es au capital de 28 317 129 \u20ac, immatricul\u00e9e au Registre du Commerce et des Soci\u00e9t\u00e9s de Nanterre sous le num\u00e9ro B 552 119 216, et dont le si\u00e8ge social est situ\u00e9 au 23 rue Fran\u00e7ois Jacob, 92842 Rueil-Malmaison Cedex<\/p><p>En acc\u00e9dant et en naviguant sur ce site, vous \u00eates pr\u00e9sum\u00e9, en votre qualit\u00e9 d\u2019utilisateur, conna\u00eetre les conditions d\u2019utilisation du Site ainsi que les conditions sp\u00e9cifiques relatives \u00e0 certains services de ce site, et vous en acceptez les conditions sans limitation ni r\u00e9serve.<\/p><p>Lisez ces mentions legales attentivement avant d\u2019utiliser ce site internet afin de prendre connaissance des conditions d\u2019utilisation. Nous pouvons \u00eatre amen\u00e9s a en modifier le contenu par un simple chargement de nouvelles conditions d\u2019utilisation.\u00a0<\/p><p>INFORMATIONS LEGALES<\/p><p><b>Propri\u00e9t\u00e9 du site\u00a0<\/b><\/p><p>Le site web auquel vous venez d&rsquo;acc\u00e9der est exploit\u00e9 par ou pour le compte de la soci\u00e9t\u00e9 Unilever France, membre du groupe Unilever.<\/p><p>Les informations, conseils et services contenus dans ce site sont destin\u00e9s exclusivement aux personnes r\u00e9sidant en France m\u00e9tropolitaine.<\/p><p><b>Propri\u00e9t\u00e9 intellectuelle\u00a0<\/b><\/p><p>Tous les droits de propri\u00e9t\u00e9 intellectuelle, en ce compris notamment les droits d\u2019auteur et droits de marque, sur tous les textes, illustrations, photographies, logos, sons, logiciels et autres mat\u00e9riels sur ce site internet sont la propri\u00e9t\u00e9 d\u2019Unilever France,, de ses entreprises li\u00e9es ou sont repris avec l\u2019autorisation du propri\u00e9taire concern\u00e9. L\u2019utilisation illicite d\u2019un quelconque droit de propri\u00e9t\u00e9 intellectuelle tel que d\u00e9fini ci-dessus et pr\u00e9sent sur ce site internet est strictement d\u00e9fendue.<\/p><p>En cons\u00e9quence, les \u00e9l\u00e9ments de ce site, en particulier les textes, illustrations, pictogrammes, photographies, programmes ne peuvent faire l&rsquo;objet d&rsquo;aucune utilisation, modification, alt\u00e9ration, reproduction partielle ou totale et, plus g\u00e9n\u00e9ralement, d&rsquo;aucune exploitation,.<\/p><p>Il est donc notamment interdit, de : &#8211; Utiliser une copie (d\u2019une partie) du site internet et\/ou des marques qui y sont plac\u00e9es \u00e0 des fins commerciales ; et de &#8211; Modifier le (une partie du) site internet ou le reprendre dans tout autres \u0153uvre (comme par exemple, un document papier, un blog ou le site internet de quelqu\u2019un d\u2019autre).<\/p><p>Toutefois, vous \u00eates autoris\u00e9s \u00e0 reproduire des \u00e9l\u00e9ments du site pour un usage priv\u00e9 sous r\u00e9serve d\u2019indiquer la mention suivante sur chacune des copies que vous faites : Copyright \u00a9 Unilever France. Tous droits r\u00e9serv\u00e9s.<\/p><p><b>S\u00e9curit\u00e9\u00a0<\/b><\/p><p>Les bases de donn\u00e9es d\u2019informations susceptibles d\u2019\u00eatre constitu\u00e9es sur ce site sont prot\u00e9g\u00e9es.<\/p><p>Toute extraction ou tentative d\u2019extraction, fut-elle totale ou partielle, est susceptible d\u2019engager la responsabilit\u00e9 civile et p\u00e9nale de tout contrevenant.<\/p><p><b>Liens\u00a0<\/b><\/p><p>&#8211; Le site internet peut contenir des renvois (par exemple par le biais d\u2019un hyperlien, d\u2019une banni\u00e8re ou d\u2019un bouton) vers d\u2019autres sites ayant trait \u00e0 un aspect sp\u00e9cifique du pr\u00e9sent site internet. Cela ne signifie pas automatiquement qu\u2019Unilever France est li\u00e9 \u00e0 ces autres sites ou \u00e0 leur propri\u00e9taire. Unilever France n\u2019est pas responsable de ces sites, de leur contenu et de l\u2019usage qui pourra en \u00eatre fait par les utilisateurs. &#8211; Toute cr\u00e9ation d\u2019hyperliens avec ce Site est interdite sans accord pr\u00e9alable \u00e9crit de Unilever France.<\/p><p><b>Limitation de responsabilit\u00e9\u00a0<\/b><\/p><p>Vous acc\u00e9dez, utilisez et naviguez sur ce site Internet \u00e0 vos propres risques et p\u00e9rils.<\/p><p>Unilever France n\u2019assume aucune responsabilit\u00e9 pour un dommage ou un virus qui pourrait affecter votre ordinateur ou votre mat\u00e9riel informatique suite \u00e0 un acc\u00e8s ou une utilisation du Site ou un t\u00e9l\u00e9chargement d\u2019\u00e9l\u00e9ments du Site.<\/p><p>Unilever France s\u2019engage \u00e0 faire ses meilleurs efforts pour assurer aux utilisateurs une accessibilit\u00e9 du site \u00e0 tout moment mais en aucun cas la responsabilit\u00e9 de Unilever France ne pourra \u00eatre recherch\u00e9e en cas d\u2019indisponibilit\u00e9 du site, pour quelque raison que ce soit.<\/p><p><b>Divers\u00a0<\/b><\/p><p>Unilever France se r\u00e9serve le droit, sans notification pr\u00e9alable, d\u2019apporter \u00e0 tout moment des modifications et des corrections \u00e0 ce site internet et\/ou aux pr\u00e9sentes conditions d\u2019utilisation, sans que sa responsabilit\u00e9 ne soit recherch\u00e9e.<\/p><p>Dans l\u2019hypoth\u00e8se o\u00f9 l\u2019une des dispositions des Mentions L\u00e9gales serait consid\u00e9r\u00e9e ill\u00e9gale par une disposition d\u2019ordre l\u00e9gal ou r\u00e9glementaire, pr\u00e9sente ou future, ou par une d\u00e9cision de justice, ladite disposition serait consid\u00e9r\u00e9e comme \u00e9tant non \u00e9crite, toutes les autres dispositions des Conditions d\u2019utilisation conservant force obligatoire entre vous-m\u00eame et Unilever France.<\/p><p>Les pr\u00e9sentes mentions sont r\u00e9gies et interpr\u00e9t\u00e9es selon le droit fran\u00e7ais. Tout litige portant sur l\u2019application, l\u2019ex\u00e9cution et\/ou l\u2019interpr\u00e9tation des pr\u00e9sentes mentions l\u00e9gales sera soumis aux tribunaux statuant dans le ressort de la Cour d\u2019Appel de Paris.\u00a0<\/p><p>En cas de non-respect d&rsquo;une quelconque de ces obligations, Unilever France se r\u00e9serve le droit de poursuivre par tout moyen, le responsable de l&rsquo;infraction, quelle qu&rsquo;en soit la nature.<\/p><div class=\"row\"><p class=\"c-logo-copy o-text__quote js-text__quote\">\u00a0 \u00a0 \u00a0 \u00a0 \u00a0 \u00a0 \u00a0 \u00a0 \u00a0 \u00a0 \u00a0 \u00a0 \u00a0 \u00a0 \u00a0 \u00a0 \u00a0 \u00a0 \u00a0 \u00a0 \u00a0 \u00a0 \u00a0 \u00a0 \u00a0 \u00a0 \u00a0 \u00a0 \u00a0 \u00a0 \u00a0 \u00a0 \u00a0 \u00a0 \u00a0 \u00a0 \u00a0 \u00a0 \u00a0 Soyez vous-m\u00eame, resplendissez<\/p><\/div>\t\t\t\t\t\t\t\t<\/div>\n\t\t\t\t<\/div>\n\t\t\t\t\t<\/div>\n\t\t<\/div>\n\t\t\t\t\t<\/div>\n\t\t<\/section>\n\t\t\t\t<\/div>","protected":false},"excerpt":{"rendered":"<p>Conditions d&rsquo;utilisation Ces mentions l\u00e9gales ont vocation \u00e0 vous informer des conditions d\u2019utilisation du site que vous visitez actuellement, \u00e0 savoir www.laboratoirevenus.com ci-apr\u00e8s d\u00e9nomm\u00e9 \u00ab Le Site \u00bb. Ce site est \u00e9dit\u00e9 par UNILEVER France, Soci\u00e9t\u00e9 par actions simplifi\u00e9es au capital de 28 317 129 \u20ac, immatricul\u00e9e au Registre du Commerce et des Soci\u00e9t\u00e9s de [&hellip;]<\/p>","protected":false},"author":9,"featured_media":0,"parent":0,"menu_order":0,"comment_status":"closed","ping_status":"closed","template":"","meta":{"_monsterinsights_skip_tracking":false,"_monsterinsights_sitenote_active":false,"_monsterinsights_sitenote_note":"","_monsterinsights_sitenote_category":0,"site-sidebar-layout":"no-sidebar","site-content-layout":"page-builder","ast-site-content-layout":"","site-content-style":"default","site-sidebar-style":"default","ast-global-header-display":"","ast-banner-title-visibility":"","ast-main-header-display":"","ast-hfb-above-header-display":"","ast-hfb-below-header-display":"","ast-hfb-mobile-header-display":"","site-post-title":"disabled","ast-breadcrumbs-content":"","ast-featured-img":"disabled","footer-sml-layout":"","theme-transparent-header-meta":"default","adv-header-id-meta":"","stick-header-meta":"","header-above-stick-meta":"","header-main-stick-meta":"","header-below-stick-meta":"","astra-migrate-meta-layouts":"default","ast-page-background-enabled":"default","ast-page-background-meta":{"desktop":{"background-color":"","background-image":"","background-repeat":"repeat","background-position":"center center","background-size":"auto","background-attachment":"scroll","background-type":"","background-media":"","overlay-type":"","overlay-color":"","overlay-opacity":"","overlay-gradient":""},"tablet":{"background-color":"","background-image":"","background-repeat":"repeat","background-position":"center center","background-size":"auto","background-attachment":"scroll","background-type":"","background-media":"","overlay-type":"","overlay-color":"","overlay-opacity":"","overlay-gradient":""},"mobile":{"background-color":"","background-image":"","background-repeat":"repeat","background-position":"center center","background-size":"auto","background-attachment":"scroll","background-type":"","background-media":"","overlay-type":"","overlay-color":"","overlay-opacity":"","overlay-gradient":""}},"ast-content-background-meta":{"desktop":{"background-color":"var(--ast-global-color-5)","background-image":"","background-repeat":"repeat","background-position":"center center","background-size":"auto","background-attachment":"scroll","background-type":"","background-media":"","overlay-type":"","overlay-color":"","overlay-opacity":"","overlay-gradient":""},"tablet":{"background-color":"var(--ast-global-color-5)","background-image":"","background-repeat":"repeat","background-position":"center center","background-size":"auto","background-attachment":"scroll","background-type":"","background-media":"","overlay-type":"","overlay-color":"","overlay-opacity":"","overlay-gradient":""},"mobile":{"background-color":"var(--ast-global-color-5)","background-image":"","background-repeat":"repeat","background-position":"center center","background-size":"auto","background-attachment":"scroll","background-type":"","background-media":"","overlay-type":"","overlay-color":"","overlay-opacity":"","overlay-gradient":""}},"footnotes":""},"class_list":["post-4557","page","type-page","status-publish","hentry"],"aioseo_notices":[],"yoast_head":"<!-- This site is optimized with the Yoast SEO plugin v25.1 - https:\/\/yoast.com\/wordpress\/plugins\/seo\/ -->\n<title>condition d&#039;utilisation - laboratoiresvenus<\/title>\n<meta name=\"robots\" content=\"index, follow, max-snippet:-1, max-image-preview:large, max-video-preview:-1\" \/>\n<link rel=\"canonical\" href=\"https:\/\/laboratoiresvenus.com\/en\/condition-dutilisation\/\" \/>\n<meta property=\"og:locale\" content=\"en_US\" \/>\n<meta property=\"og:type\" content=\"article\" \/>\n<meta property=\"og:title\" content=\"condition d&#039;utilisation - laboratoiresvenus\" \/>\n<meta property=\"og:description\" content=\"Conditions d&rsquo;utilisation Ces mentions l\u00e9gales ont vocation \u00e0 vous informer des conditions d\u2019utilisation du site que vous visitez actuellement, \u00e0 savoir www.laboratoirevenus.com ci-apr\u00e8s d\u00e9nomm\u00e9 \u00ab Le Site \u00bb. Ce site est \u00e9dit\u00e9 par UNILEVER France, Soci\u00e9t\u00e9 par actions simplifi\u00e9es au capital de 28 317 129 \u20ac, immatricul\u00e9e au Registre du Commerce et des Soci\u00e9t\u00e9s de [&hellip;]\" \/>\n<meta property=\"og:url\" content=\"https:\/\/laboratoiresvenus.com\/en\/condition-dutilisation\/\" \/>\n<meta property=\"og:site_name\" content=\"laboratoiresvenus\" \/>\n<meta property=\"article:modified_time\" content=\"2021-06-17T10:02:11+00:00\" \/>\n<meta name=\"twitter:card\" content=\"summary_large_image\" \/>\n<meta name=\"twitter:label1\" content=\"Est. reading time\" \/>\n\t<meta name=\"twitter:data1\" content=\"4 minutes\" \/>\n<script type=\"application\/ld+json\" class=\"yoast-schema-graph\">{\"@context\":\"https:\/\/schema.org\",\"@graph\":[{\"@type\":\"WebPage\",\"@id\":\"https:\/\/laboratoiresvenus.com\/condition-dutilisation\/\",\"url\":\"https:\/\/laboratoiresvenus.com\/condition-dutilisation\/\",\"name\":\"condition d'utilisation - laboratoiresvenus\",\"isPartOf\":{\"@id\":\"https:\/\/laboratoiresvenus.com\/#website\"},\"datePublished\":\"2021-06-17T09:50:32+00:00\",\"dateModified\":\"2021-06-17T10:02:11+00:00\",\"breadcrumb\":{\"@id\":\"https:\/\/laboratoiresvenus.com\/condition-dutilisation\/#breadcrumb\"},\"inLanguage\":\"en-US\",\"potentialAction\":[{\"@type\":\"ReadAction\",\"target\":[\"https:\/\/laboratoiresvenus.com\/condition-dutilisation\/\"]}]},{\"@type\":\"BreadcrumbList\",\"@id\":\"https:\/\/laboratoiresvenus.com\/condition-dutilisation\/#breadcrumb\",\"itemListElement\":[{\"@type\":\"ListItem\",\"position\":1,\"name\":\"Accueil\",\"item\":\"https:\/\/laboratoiresvenus.com\/\"},{\"@type\":\"ListItem\",\"position\":2,\"name\":\"condition d&#8217;utilisation\"}]},{\"@type\":\"WebSite\",\"@id\":\"https:\/\/laboratoiresvenus.com\/#website\",\"url\":\"https:\/\/laboratoiresvenus.com\/\",\"name\":\"laboratoiresvenus\",\"description\":\"Notre ambition est de prendre soin de vous\",\"publisher\":{\"@id\":\"https:\/\/laboratoiresvenus.com\/#organization\"},\"potentialAction\":[{\"@type\":\"SearchAction\",\"target\":{\"@type\":\"EntryPoint\",\"urlTemplate\":\"https:\/\/laboratoiresvenus.com\/?s={search_term_string}\"},\"query-input\":{\"@type\":\"PropertyValueSpecification\",\"valueRequired\":true,\"valueName\":\"search_term_string\"}}],\"inLanguage\":\"en-US\"},{\"@type\":\"Organization\",\"@id\":\"https:\/\/laboratoiresvenus.com\/#organization\",\"name\":\"laboratoiresvenus\",\"url\":\"https:\/\/laboratoiresvenus.com\/\",\"logo\":{\"@type\":\"ImageObject\",\"inLanguage\":\"en-US\",\"@id\":\"https:\/\/laboratoiresvenus.com\/#\/schema\/logo\/image\/\",\"url\":\"https:\/\/laboratoiresvenus.com\/wp-content\/uploads\/2021\/05\/cropped-Logo-Venus-Big-300x166-1.png\",\"contentUrl\":\"https:\/\/laboratoiresvenus.com\/wp-content\/uploads\/2021\/05\/cropped-Logo-Venus-Big-300x166-1.png\",\"width\":300,\"height\":166,\"caption\":\"laboratoiresvenus\"},\"image\":{\"@id\":\"https:\/\/laboratoiresvenus.com\/#\/schema\/logo\/image\/\"}}]}<\/script>\n<!-- \/ Yoast SEO plugin. -->","yoast_head_json":{"title":"condition d'utilisation - laboratoiresvenus","robots":{"index":"index","follow":"follow","max-snippet":"max-snippet:-1","max-image-preview":"max-image-preview:large","max-video-preview":"max-video-preview:-1"},"canonical":"https:\/\/laboratoiresvenus.com\/en\/condition-dutilisation\/","og_locale":"en_US","og_type":"article","og_title":"condition d'utilisation - laboratoiresvenus","og_description":"Conditions d&rsquo;utilisation Ces mentions l\u00e9gales ont vocation \u00e0 vous informer des conditions d\u2019utilisation du site que vous visitez actuellement, \u00e0 savoir www.laboratoirevenus.com ci-apr\u00e8s d\u00e9nomm\u00e9 \u00ab Le Site \u00bb. Ce site est \u00e9dit\u00e9 par UNILEVER France, Soci\u00e9t\u00e9 par actions simplifi\u00e9es au capital de 28 317 129 \u20ac, immatricul\u00e9e au Registre du Commerce et des Soci\u00e9t\u00e9s de [&hellip;]","og_url":"https:\/\/laboratoiresvenus.com\/en\/condition-dutilisation\/","og_site_name":"laboratoiresvenus","article_modified_time":"2021-06-17T10:02:11+00:00","twitter_card":"summary_large_image","twitter_misc":{"Est. reading time":"4 minutes"},"schema":{"@context":"https:\/\/schema.org","@graph":[{"@type":"WebPage","@id":"https:\/\/laboratoiresvenus.com\/condition-dutilisation\/","url":"https:\/\/laboratoiresvenus.com\/condition-dutilisation\/","name":"condition d'utilisation - laboratoiresvenus","isPartOf":{"@id":"https:\/\/laboratoiresvenus.com\/#website"},"datePublished":"2021-06-17T09:50:32+00:00","dateModified":"2021-06-17T10:02:11+00:00","breadcrumb":{"@id":"https:\/\/laboratoiresvenus.com\/condition-dutilisation\/#breadcrumb"},"inLanguage":"en-US","potentialAction":[{"@type":"ReadAction","target":["https:\/\/laboratoiresvenus.com\/condition-dutilisation\/"]}]},{"@type":"BreadcrumbList","@id":"https:\/\/laboratoiresvenus.com\/condition-dutilisation\/#breadcrumb","itemListElement":[{"@type":"ListItem","position":1,"name":"Accueil","item":"https:\/\/laboratoiresvenus.com\/"},{"@type":"ListItem","position":2,"name":"condition d&#8217;utilisation"}]},{"@type":"WebSite","@id":"https:\/\/laboratoiresvenus.com\/#website","url":"https:\/\/laboratoiresvenus.com\/","name":"laboratoiresvenus","description":"Notre ambition est de prendre soin de vous","publisher":{"@id":"https:\/\/laboratoiresvenus.com\/#organization"},"potentialAction":[{"@type":"SearchAction","target":{"@type":"EntryPoint","urlTemplate":"https:\/\/laboratoiresvenus.com\/?s={search_term_string}"},"query-input":{"@type":"PropertyValueSpecification","valueRequired":true,"valueName":"search_term_string"}}],"inLanguage":"en-US"},{"@type":"Organization","@id":"https:\/\/laboratoiresvenus.com\/#organization","name":"laboratoiresvenus","url":"https:\/\/laboratoiresvenus.com\/","logo":{"@type":"ImageObject","inLanguage":"en-US","@id":"https:\/\/laboratoiresvenus.com\/#\/schema\/logo\/image\/","url":"https:\/\/laboratoiresvenus.com\/wp-content\/uploads\/2021\/05\/cropped-Logo-Venus-Big-300x166-1.png","contentUrl":"https:\/\/laboratoiresvenus.com\/wp-content\/uploads\/2021\/05\/cropped-Logo-Venus-Big-300x166-1.png","width":300,"height":166,"caption":"laboratoiresvenus"},"image":{"@id":"https:\/\/laboratoiresvenus.com\/#\/schema\/logo\/image\/"}}]}},"_links":{"self":[{"href":"https:\/\/laboratoiresvenus.com\/en\/wp-json\/wp\/v2\/pages\/4557","targetHints":{"allow":["GET"]}}],"collection":[{"href":"https:\/\/laboratoiresvenus.com\/en\/wp-json\/wp\/v2\/pages"}],"about":[{"href":"https:\/\/laboratoiresvenus.com\/en\/wp-json\/wp\/v2\/types\/page"}],"author":[{"embeddable":true,"href":"https:\/\/laboratoiresvenus.com\/en\/wp-json\/wp\/v2\/users\/9"}],"replies":[{"embeddable":true,"href":"https:\/\/laboratoiresvenus.com\/en\/wp-json\/wp\/v2\/comments?post=4557"}],"version-history":[{"count":0,"href":"https:\/\/laboratoiresvenus.com\/en\/wp-json\/wp\/v2\/pages\/4557\/revisions"}],"wp:attachment":[{"href":"https:\/\/laboratoiresvenus.com\/en\/wp-json\/wp\/v2\/media?parent=4557"}],"curies":[{"name":"wp","href":"https:\/\/api.w.org\/{rel}","templated":true}]}}